{"id":32,"date":"2021-06-24T11:57:37","date_gmt":"2021-06-24T11:57:37","guid":{"rendered":"https:\/\/www.feldmann-zimmerei.de\/?page_id=32"},"modified":"2021-09-22T16:05:20","modified_gmt":"2021-09-22T16:05:20","slug":"impressum","status":"publish","type":"page","link":"https:\/\/www.feldmann-zimmerei.de\/index.php\/impressum\/","title":{"rendered":"Impressum"},"content":{"rendered":"\t\t<div data-elementor-type=\"wp-page\" data-elementor-id=\"32\" class=\"elementor elementor-32\" data-elementor-settings=\"[]\">\n\t\t\t\t\t\t\t<div class=\"elementor-section-wrap\">\n\t\t\t\t\t\t\t<section class=\"elementor-section elementor-top-section elementor-element elementor-element-aa6f6a1 elementor-section-boxed elementor-section-height-default elementor-section-height-default\" data-id=\"aa6f6a1\" data-element_type=\"section\">\n\t\t\t\t\t\t<div class=\"elementor-container elementor-column-gap-default\">\n\t\t\t\t\t<div class=\"elementor-column elementor-col-100 elementor-top-column elementor-element elementor-element-d90c072\" data-id=\"d90c072\" data-element_type=\"column\">\n\t\t\t<div class=\"elementor-widget-wrap elementor-element-populated\">\n\t\t\t\t\t\t\t\t<div class=\"elementor-element elementor-element-df27940 elementor-widget elementor-widget-heading\" data-id=\"df27940\" data-element_type=\"widget\" data-widget_type=\"heading.default\">\n\t\t\t\t<div class=\"elementor-widget-container\">\n\t\t\t<h2 class=\"elementor-heading-title elementor-size-default\">Impressum<\/h2>\t\t<\/div>\n\t\t\t\t<\/div>\n\t\t\t\t\t<\/div>\n\t\t<\/div>\n\t\t\t\t\t\t\t<\/div>\n\t\t<\/section>\n\t\t\t\t<section class=\"elementor-section elementor-top-section elementor-element elementor-element-313488f elementor-section-boxed elementor-section-height-default elementor-section-height-default\" data-id=\"313488f\" data-element_type=\"section\">\n\t\t\t\t\t\t<div class=\"elementor-container elementor-column-gap-default\">\n\t\t\t\t\t<div class=\"elementor-column elementor-col-100 elementor-top-column elementor-element elementor-element-4f7ad5f\" data-id=\"4f7ad5f\" data-element_type=\"column\">\n\t\t\t<div class=\"elementor-widget-wrap elementor-element-populated\">\n\t\t\t\t\t\t\t\t<div class=\"elementor-element elementor-element-9c3229d elementor-widget elementor-widget-text-editor\" data-id=\"9c3229d\" data-element_type=\"widget\" data-widget_type=\"text-editor.default\">\n\t\t\t\t<div class=\"elementor-widget-container\">\n\t\t\t\t\t\t\t<div class=\"elementor-element elementor-element-1a0fa797 elementor-widget elementor-widget-theme-post-content\" data-id=\"1a0fa797\" data-element_type=\"widget\" data-widget_type=\"theme-post-content.default\"><div class=\"elementor-widget-container\"><h2>Diensteanbieter<\/h2><p><span class=\"text\">Zimmerei Georg Feldmann GmbH<br \/>Hambergerstr. 25<br \/>49577 Ankum <\/span><\/p><p>\u00a0<\/p><h2>Kontaktm\u00f6glichkeiten<\/h2><p><strong>E-Mail-Adresse<\/strong>: <span class=\"text\"><a href=\"mailto:info@feldmann-zimmerei.de\" target=\"_blank\" rel=\"noopener\">info@feldmann-zimmerei.de<\/a><\/span><\/p><p><strong>Telefon<\/strong>: <span class=\"text\">05462 &#8211; 97 44<\/span><\/p><h2>\u00a0<\/h2><h2>Vertretungsberechtigte<\/h2><p><strong>Vertretungsberechtigt<\/strong>: <span class=\"text\">Herr Georg Feldmann<\/span><\/p><h2>\u00a0<\/h2><h2>Angaben zum Unternehmen<\/h2><p><span class=\"text\">Umsatzsteuer-Identifikationsnummer gem\u00e4\u00df \u00a727a <strong>Umsatzsteuergesetz<\/strong>: DE 151408371 <\/span><\/p><p><span class=\"text\"><strong>Registergericht<\/strong>: Amtsgericht Osnabr\u00fcck<br \/><strong>Registernummer<\/strong>: HRB 20359 <\/span><\/p><h2>\u00a0<\/h2><h2>Online-Streitbeilegung (OS)<\/h2><p>Online-Streitbeilegung: Die Europ\u00e4ische Kommission stellt eine Plattform zur Online-Streitbeilegung (OS) bereit, die Sie unter <a href=\"https:\/\/ec.europa.eu\/consumers\/odr\/\" target=\"_blank\" rel=\"noreferrer noopener\">https:\/\/ec.europa.eu\/consumers\/odr\/<\/a> finden. Verbraucher haben die M\u00f6glichkeit, diese Plattform f\u00fcr die Beilegung ihrer Streitigkeiten zu nutzen.<\/p><h2>\u00a0<\/h2><h2>Haftungs- und Urheberrechtshinweise<\/h2><p><strong>Haftungsausschluss<\/strong>: Die Inhalte dieses Onlineangebotes wurden sorgf\u00e4ltig und nach unserem aktuellen Kenntnisstand erstellt, dienen jedoch nur der Information und entfalten keine rechtlich bindende Wirkung, sofern es sich nicht um gesetzlich verpflichtende Informationen (z.B. das Impressum, die Datenschutzerkl\u00e4rung, AGB oder Widerrufsbelehrungen f\u00fcr Verbraucher) handelt. Wir behalten uns vor, die Inhalte vollst\u00e4ndig oder teilweise zu \u00e4ndern oder zu l\u00f6schen, soweit vertragliche Verpflichtungen unber\u00fchrt bleiben. Alle Angebote sind freibleibend und unverbindlich.<\/p><p><strong>Hinweise auf Rechtsverst\u00f6\u00dfe<\/strong>: Sollten Sie innerhalb unseres Internetauftritts Rechtsverst\u00f6\u00dfe bemerken, bitten wir Sie uns auf diese hinzuweisen. Wir werden rechtswidrige Inhalte und Links nach Kenntnisnahme unverz\u00fcglich entfernen.<\/p><h2>\u00a0<\/h2><h2>Design<\/h2><figure class=\"wp-block-image size-large\"><img loading=\"lazy\" decoding=\"async\" class=\"wp-image-136\" src=\"https:\/\/an1107.kn10094.2concepts.de\/wp-content\/uploads\/2021\/06\/Unknown.jpeg\" alt=\"\" width=\"262\" height=\"83\" \/><\/figure><p>Concept Image Media <br \/>S\u00fcltem\u00fchle 5<br \/>49626 Bippen<br \/><a href=\"http:\/\/www.concept-image.de\" data-type=\"URL\" data-id=\"www.concept-image.de\">www.concept-image.de<\/a><\/p><h2>\u00a0<\/h2><h2>Technische Umsetzung<\/h2><figure class=\"wp-block-image size-large is-resized\"><img loading=\"lazy\" decoding=\"async\" class=\"wp-image-137\" src=\"https:\/\/an1107.kn10094.2concepts.de\/wp-content\/uploads\/2021\/06\/2concepts.png\" sizes=\"auto, (max-width: 250px) 100vw, 250px\" srcset=\"https:\/\/an1107.kn10094.2concepts.de\/wp-content\/uploads\/2021\/06\/2concepts.png 500w, https:\/\/an1107.kn10094.2concepts.de\/wp-content\/uploads\/2021\/06\/2concepts-300x72.png 300w\" alt=\"\" width=\"250\" height=\"60\" \/><\/figure><p>2CONCEPTS<br \/>Dalumer Str. 2<br \/>49584 F\u00fcrstenau<br \/><a href=\"http:\/\/www.2concepts.de\" data-type=\"URL\" data-id=\"www.2concepts.de\">www.2CONCEPTS.de<\/a><\/p><\/div><\/div>\t\t\t\t\t\t<\/div>\n\t\t\t\t<\/div>\n\t\t\t\t\t<\/div>\n\t\t<\/div>\n\t\t\t\t\t\t\t<\/div>\n\t\t<\/section>\n\t\t\t\t\t\t<\/div>\n\t\t\t\t\t<\/div>\n\t\t","protected":false},"excerpt":{"rendered":"<p>Impressum Diensteanbieter Zimmerei Georg Feldmann GmbHHambergerstr. 2549577 Ankum \u00a0 Kontaktm\u00f6glichkeiten E-Mail-Adresse: info@feldmann-zimmerei.de Telefon: 05462 &#8211; 97 44 \u00a0 Vertretungsberechtigte Vertretungsberechtigt: Herr Georg Feldmann \u00a0 Angaben zum Unternehmen Umsatzsteuer-Identifikationsnummer gem\u00e4\u00df \u00a727a Umsatzsteuergesetz: DE 151408371 Registergericht: Amtsgericht Osnabr\u00fcckRegisternummer: HRB 20359 \u00a0 Online-Streitbeilegung (OS) Online-Streitbeilegung: Die Europ\u00e4ische Kommission stellt eine Plattform zur Online-Streitbeilegung (OS) bereit, die Sie unter [&hellip;]<\/p>\n","protected":false},"author":1,"featured_media":0,"parent":0,"menu_order":0,"comment_status":"closed","ping_status":"closed","template":"","meta":{"footnotes":""},"class_list":["post-32","page","type-page","status-publish","hentry"],"_links":{"self":[{"href":"https:\/\/www.feldmann-zimmerei.de\/index.php\/wp-json\/wp\/v2\/pages\/32","targetHints":{"allow":["GET"]}}],"collection":[{"href":"https:\/\/www.feldmann-zimmerei.de\/index.php\/wp-json\/wp\/v2\/pages"}],"about":[{"href":"https:\/\/www.feldmann-zimmerei.de\/index.php\/wp-json\/wp\/v2\/types\/page"}],"author":[{"embeddable":true,"href":"https:\/\/www.feldmann-zimmerei.de\/index.php\/wp-json\/wp\/v2\/users\/1"}],"replies":[{"embeddable":true,"href":"https:\/\/www.feldmann-zimmerei.de\/index.php\/wp-json\/wp\/v2\/comments?post=32"}],"version-history":[{"count":13,"href":"https:\/\/www.feldmann-zimmerei.de\/index.php\/wp-json\/wp\/v2\/pages\/32\/revisions"}],"predecessor-version":[{"id":238,"href":"https:\/\/www.feldmann-zimmerei.de\/index.php\/wp-json\/wp\/v2\/pages\/32\/revisions\/238"}],"wp:attachment":[{"href":"https:\/\/www.feldmann-zimmerei.de\/index.php\/wp-json\/wp\/v2\/media?parent=32"}],"curies":[{"name":"wp","href":"https:\/\/api.w.org\/{rel}","templated":true}]}}